{"id":1129,"date":"2024-04-30T22:13:36","date_gmt":"2024-05-01T01:13:36","guid":{"rendered":"https:\/\/radiotaxifortaleza.com.br\/?page_id=1129"},"modified":"2024-07-26T12:13:36","modified_gmt":"2024-07-26T15:13:36","slug":"regulamento-taxista","status":"publish","type":"page","link":"https:\/\/radiotaxifortaleza.com.br\/index.php\/regulamento-taxista\/","title":{"rendered":"Regulamento-taxista"},"content":{"rendered":"\t\t<div data-elementor-type=\"wp-page\" data-elementor-id=\"1129\" class=\"elementor elementor-1129\">\n\t\t\t\t\t\t<section class=\"elementor-section elementor-top-section elementor-element elementor-element-d608c92 elementor-section-boxed elementor-section-height-default elementor-section-height-default\" data-id=\"d608c92\" data-element_type=\"section\" data-e-type=\"section\" data-settings=\"{&quot;background_background&quot;:&quot;classic&quot;}\">\n\t\t\t\t\t\t<div class=\"elementor-container elementor-column-gap-default\">\n\t\t\t\t\t<div class=\"elementor-column elementor-col-100 elementor-top-column elementor-element elementor-element-a44e126\" data-id=\"a44e126\" data-element_type=\"column\" data-e-type=\"column\">\n\t\t\t<div class=\"elementor-widget-wrap elementor-element-populated\">\n\t\t\t\t\t\t<div class=\"elementor-element elementor-element-b7971b8 elementor-widget elementor-widget-image\" data-id=\"b7971b8\" data-element_type=\"widget\" data-e-type=\"widget\" data-widget_type=\"image.default\">\n\t\t\t\t<div class=\"elementor-widget-container\">\n\t\t\t\t\t\t\t\t\t\t\t\t\t\t\t<img fetchpriority=\"high\" decoding=\"async\" width=\"864\" height=\"288\" src=\"https:\/\/radiotaxifortaleza.com.br\/wp-content\/uploads\/2024\/07\/Layout-Regulamento.png\" class=\"attachment-full size-full wp-image-1182\" alt=\"\" srcset=\"https:\/\/radiotaxifortaleza.com.br\/wp-content\/uploads\/2024\/07\/Layout-Regulamento.png 864w, https:\/\/radiotaxifortaleza.com.br\/wp-content\/uploads\/2024\/07\/Layout-Regulamento-300x100.png 300w, https:\/\/radiotaxifortaleza.com.br\/wp-content\/uploads\/2024\/07\/Layout-Regulamento-768x256.png 768w\" sizes=\"(max-width: 864px) 100vw, 864px\" \/>\t\t\t\t\t\t\t\t\t\t\t\t\t\t\t<\/div>\n\t\t\t\t<\/div>\n\t\t\t\t\t<\/div>\n\t\t<\/div>\n\t\t\t\t\t<\/div>\n\t\t<\/section>\n\t\t\t\t<section class=\"elementor-section elementor-top-section elementor-element elementor-element-9265ae8 elementor-section-boxed elementor-section-height-default elementor-section-height-default\" data-id=\"9265ae8\" data-element_type=\"section\" data-e-type=\"section\">\n\t\t\t\t\t\t<div class=\"elementor-container elementor-column-gap-default\">\n\t\t\t\t\t<div class=\"elementor-column elementor-col-100 elementor-top-column elementor-element elementor-element-2a48a45\" data-id=\"2a48a45\" data-element_type=\"column\" data-e-type=\"column\">\n\t\t\t<div class=\"elementor-widget-wrap elementor-element-populated\">\n\t\t\t\t\t\t<div class=\"elementor-element elementor-element-1447ff5 elementor-widget elementor-widget-heading\" data-id=\"1447ff5\" data-element_type=\"widget\" data-e-type=\"widget\" data-widget_type=\"heading.default\">\n\t\t\t\t<div class=\"elementor-widget-container\">\n\t\t\t\t\t<h2 class=\"elementor-heading-title elementor-size-default\">Regulamento Taxista - Promo\u00e7\u00e3o Corrida Premiada<\/h2>\t\t\t\t<\/div>\n\t\t\t\t<\/div>\n\t\t\t\t<div class=\"elementor-element elementor-element-0a43246 elementor-widget elementor-widget-text-editor\" data-id=\"0a43246\" data-element_type=\"widget\" data-e-type=\"widget\" data-widget_type=\"text-editor.default\">\n\t\t\t\t<div class=\"elementor-widget-container\">\n\t\t\t\t\t\t\t\t\t<ol>\n<li><span style=\"color: #808080;\">O taxista acompanhar\u00e1 o sorteio pelas m\u00eddias socias da r\u00e1dio t\u00e1xi fortaleza, atrav\u00e9s do instagram da r\u00e1dio t\u00e1xi fortaleza&nbsp;https:\/\/www.instagram.com\/radio.taxi.fortaleza\/ no dia 02 de Setembro de 2024<\/span><\/li>\n<li><span style=\"color: #808080;\">Familiares de taxistas e funcion\u00e1rios da R\u00e1dio T\u00e1xi n\u00e3o est\u00e3o autorizados a participar do sorteio.<\/span><\/li>\n<li><span style=\"color: #808080;\">Cada corrida realizada durante o per\u00edodo informado no item 1 dar\u00e1 direito a um n\u00famero no sorteio.<\/span><\/li>\n<li><span style=\"color: #808080;\">N\u00e3o h\u00e1 limite de participa\u00e7\u00e3o, ou seja, quanto mais corridas o taxista realizar, maior ser\u00e1 sua chance de ganhar.<\/span><\/li>\n<li><span style=\"color: #808080;\">O taxista que tentar fraudar, burlar as regras, sofrer\u00e1 penalidade de 30 dias de suspens\u00e3o.<\/span><\/li>\n<li><span style=\"color: #808080;\">Corridas realizadas durante o per\u00edodo 00:00:00 de 01 de Agosto at\u00e9 23:59:59 de 31 de Agosto de 2024 estar\u00e3o participando, salvo corridas de contrato.<\/span><\/li>\n<li><span style=\"color: #808080;\">As corridas sorteadas passar\u00e3o por auditoria para verifica\u00e7\u00e3o se foram conclu\u00eddas, e se s\u00e3o corridas de contratos (pessoas jur\u00eddicas).<\/span><\/li>\n<li><font color=\"#808080\">A promo\u00e7\u00e3o \u00e9 valida para todos os taxistas associados e com a manuten\u00e7\u00e3o em dias at\u00e9 a data de 02 de Setembro de 2024.<\/font><\/li>\n<li><font color=\"#808080\">O taxista dever\u00e1 est\u00e1 com o ve\u00edculo devidamente padronizados ( ou seja, usando todas as faixas.)<\/font><\/li>\n<\/ol>\t\t\t\t\t\t\t\t<\/div>\n\t\t\t\t<\/div>\n\t\t\t\t\t<\/div>\n\t\t<\/div>\n\t\t\t\t\t<\/div>\n\t\t<\/section>\n\t\t\t\t<section class=\"elementor-section elementor-top-section elementor-element elementor-element-cc80c49 elementor-section-height-min-height elementor-section-boxed elementor-section-height-default elementor-section-items-middle\" data-id=\"cc80c49\" data-element_type=\"section\" data-e-type=\"section\" data-settings=\"{&quot;background_background&quot;:&quot;classic&quot;}\">\n\t\t\t\t\t\t<div class=\"elementor-container elementor-column-gap-default\">\n\t\t\t\t\t<div class=\"elementor-column elementor-col-100 elementor-top-column elementor-element elementor-element-9930154\" data-id=\"9930154\" data-element_type=\"column\" data-e-type=\"column\">\n\t\t\t<div class=\"elementor-widget-wrap\">\n\t\t\t\t\t\t\t<\/div>\n\t\t<\/div>\n\t\t\t\t\t<\/div>\n\t\t<\/section>\n\t\t\t\t<\/div>\n\t\t","protected":false},"excerpt":{"rendered":"<p>Regulamento Taxista &#8211; Promo\u00e7\u00e3o Corrida Premiada O taxista acompanhar\u00e1 o sorteio pelas m\u00eddias socias da r\u00e1dio t\u00e1xi fortaleza, atrav\u00e9s do instagram da r\u00e1dio t\u00e1xi fortaleza&nbsp;https:\/\/www.instagram.com\/radio.taxi.fortaleza\/ no dia 02 de Setembro de 2024 Familiares de taxistas e funcion\u00e1rios da R\u00e1dio T\u00e1xi n\u00e3o est\u00e3o autorizados a participar do sorteio. Cada corrida realizada durante o per\u00edodo informado no [&hellip;]<\/p>\n","protected":false},"author":1,"featured_media":0,"parent":0,"menu_order":0,"comment_status":"closed","ping_status":"closed","template":"elementor_canvas","meta":{"footnotes":""},"class_list":["post-1129","page","type-page","status-publish","hentry"],"_links":{"self":[{"href":"https:\/\/radiotaxifortaleza.com.br\/index.php\/wp-json\/wp\/v2\/pages\/1129","targetHints":{"allow":["GET"]}}],"collection":[{"href":"https:\/\/radiotaxifortaleza.com.br\/index.php\/wp-json\/wp\/v2\/pages"}],"about":[{"href":"https:\/\/radiotaxifortaleza.com.br\/index.php\/wp-json\/wp\/v2\/types\/page"}],"author":[{"embeddable":true,"href":"https:\/\/radiotaxifortaleza.com.br\/index.php\/wp-json\/wp\/v2\/users\/1"}],"replies":[{"embeddable":true,"href":"https:\/\/radiotaxifortaleza.com.br\/index.php\/wp-json\/wp\/v2\/comments?post=1129"}],"version-history":[{"count":19,"href":"https:\/\/radiotaxifortaleza.com.br\/index.php\/wp-json\/wp\/v2\/pages\/1129\/revisions"}],"predecessor-version":[{"id":1195,"href":"https:\/\/radiotaxifortaleza.com.br\/index.php\/wp-json\/wp\/v2\/pages\/1129\/revisions\/1195"}],"wp:attachment":[{"href":"https:\/\/radiotaxifortaleza.com.br\/index.php\/wp-json\/wp\/v2\/media?parent=1129"}],"curies":[{"name":"wp","href":"https:\/\/api.w.org\/{rel}","templated":true}]}}